{"id":348,"date":"2020-01-30T19:13:13","date_gmt":"2020-01-30T17:13:13","guid":{"rendered":"https:\/\/naturelamrell.wordpress.com\/?page_id=348"},"modified":"2025-07-19T16:19:11","modified_gmt":"2025-07-19T16:19:11","slug":"pure-natur","status":"publish","type":"page","link":"https:\/\/naturel-amrell.de\/?page_id=348","title":{"rendered":"Licht- und Energie-Transformations-Salben"},"content":{"rendered":"<div class=\"wp-block-image\">\n<figure class=\"aligncenter size-full is-resized\"><img decoding=\"async\" loading=\"lazy\" src=\"http:\/\/naturel-amrell.de\/wp-content\/uploads\/2023\/05\/20230510_151224.jpg\" alt=\"\" class=\"wp-image-707\" width=\"480\" height=\"219\" srcset=\"https:\/\/naturel-amrell.de\/wp-content\/uploads\/2023\/05\/20230510_151224.jpg 800w, https:\/\/naturel-amrell.de\/wp-content\/uploads\/2023\/05\/20230510_151224-300x137.jpg 300w, https:\/\/naturel-amrell.de\/wp-content\/uploads\/2023\/05\/20230510_151224-768x350.jpg 768w\" sizes=\"(max-width: 480px) 100vw, 480px\" \/><\/figure><\/div>\n\n<div class=\"wp-block-image\">\n<figure class=\"aligncenter size-large is-resized\"><img decoding=\"async\" loading=\"lazy\" src=\"http:\/\/naturel-amrell.de\/wp-content\/uploads\/2023\/06\/20230525_113742-768x1024.jpg\" alt=\"\" class=\"wp-image-751\" width=\"311\" height=\"414\" srcset=\"https:\/\/naturel-amrell.de\/wp-content\/uploads\/2023\/06\/20230525_113742-768x1024.jpg 768w, https:\/\/naturel-amrell.de\/wp-content\/uploads\/2023\/06\/20230525_113742-225x300.jpg 225w, https:\/\/naturel-amrell.de\/wp-content\/uploads\/2023\/06\/20230525_113742-1152x1536.jpg 1152w, https:\/\/naturel-amrell.de\/wp-content\/uploads\/2023\/06\/20230525_113742-1536x2048.jpg 1536w, https:\/\/naturel-amrell.de\/wp-content\/uploads\/2023\/06\/20230525_113742-1440x1920.jpg 1440w, https:\/\/naturel-amrell.de\/wp-content\/uploads\/2023\/06\/20230525_113742-scaled.jpg 1920w\" sizes=\"(max-width: 311px) 100vw, 311px\" \/><\/figure><\/div>\n\n<div class=\"wp-block-image\">\n<figure class=\"aligncenter size-large is-resized\"><img decoding=\"async\" loading=\"lazy\" src=\"http:\/\/naturel-amrell.de\/wp-content\/uploads\/2023\/06\/20200512_190750-516x1024.jpg\" alt=\"\" class=\"wp-image-761\" width=\"142\" height=\"282\" srcset=\"https:\/\/naturel-amrell.de\/wp-content\/uploads\/2023\/06\/20200512_190750-516x1024.jpg 516w, https:\/\/naturel-amrell.de\/wp-content\/uploads\/2023\/06\/20200512_190750-151x300.jpg 151w, https:\/\/naturel-amrell.de\/wp-content\/uploads\/2023\/06\/20200512_190750-768x1525.jpg 768w, https:\/\/naturel-amrell.de\/wp-content\/uploads\/2023\/06\/20200512_190750-774x1536.jpg 774w, https:\/\/naturel-amrell.de\/wp-content\/uploads\/2023\/06\/20200512_190750-1031x2048.jpg 1031w, https:\/\/naturel-amrell.de\/wp-content\/uploads\/2023\/06\/20200512_190750-1440x2859.jpg 1440w, https:\/\/naturel-amrell.de\/wp-content\/uploads\/2023\/06\/20200512_190750-scaled.jpg 1289w\" sizes=\"(max-width: 142px) 100vw, 142px\" \/><\/figure><\/div>\n\n\n<h2>Wildkr\u00e4uter &#8211;&nbsp;Salben &#8211; Tinkturen &#8211; \u00d6le<\/h2>\n\n\n\n<p><\/p>\n\n\n\n<p>Es gibt unz\u00e4hlige Pr\u00e4parate&nbsp;auf dem Markt&nbsp;. Doch wesentlich effektiver k\u00f6nnen wir unser Wohlbefinden mit Wildkr\u00e4utern,&nbsp;die direkt vor unserer Haust\u00fcr wachsen, unterst\u00fctzen.&nbsp;&nbsp;<\/p>\n\n\n\n<p>Wildpflanzen enthalten eine F\u00fclle an Vitaminen, Mineralstoffen, Spurenelementen und anderen wichtigen Inhaltsstoffen, die&nbsp;unseren Organismus optimal versorgen. <\/p>\n\n\n\n<p>Diese stelle ich aus meinen Pflanzen-\u00d6lausz\u00fcgen und Tinkturen, zusammen mit nat\u00fcrlichem Bienenwachs oder Sheabutter und \u00e4therischen \u00d6len her.<\/p>\n\n\n\n<p>Die Kraft der Sonne in meinen Licht und Energie-Transformations-Salben, Tinkturen und \u00d6len sorgen f\u00fcr, Wohlbefinden, Ausstrahlung und spirituelle Verbindung zu K\u00f6rper, Seele und Geist.<\/p>\n\n\n\n<p>Mein Motto:<strong><em> &#8222;Natur die unter die Haut geht<\/em><\/strong>&#8222;<\/p>\n\n\n\n<p>Die Transformationswirkung meiner Salben liegt nicht nur in den nat\u00fcrlichen Inhaltsstoffen, sondern auch an den speziellen Transformations-Namen, welche sich aus den verwendeten Natur-Heilkr\u00e4utern herleiten. <\/p>\n\n\n\n<p>Als Beispiel, Kratz Mich Nicht- Salbe, Freifluss-Salbe, Liebes-Salbe, Gl\u00fcckssalbe, Feenstaub, Heil-Sein-Salbe, Dankbarkeits-Salbe uvm.) und der von mir kreierten Auftrage-Technik = \u201cURKREIS-TECHNIK\u201c.<\/p>\n\n\n\n<p>Wie und wo diese angewendet wird, ist individuell bedingt und kl\u00e4rt sich im pers\u00f6nlichen Gespr\u00e4ch. Wichtig dabei ist immer: \u201eVertraue deiner Intuition \u201c.<\/p>\n\n\n\n<p>Die Wirkung bezieht den ganzen K\u00f6rper mit ein. Nicht nur auf der Haut, sondern die Wirkstoffe dringen durch die Poren in die Tiefe deines K\u00f6rpers und ber\u00fchren deine Seele, so dass in und um dir wahre Magie = Wunder und Heilkr\u00e4fte wirken. <\/p>\n\n\n\n<p>Da sie rein nat\u00fcrlich sind, wende ich sie ebenso bei Tieren, Kindern und sogar Babys an.<\/p>\n\n\n\n<p>Bei der pers\u00f6nlichen Anwendung m\u00f6chte ich, dass du deinem Gef\u00fchl vertraust.<\/p>\n\n\n\n<p>Wie, Wo und Wie oft du sie auftr\u00e4gst. Vertraue Dir, denn dabei kannst du nichts falsch machen und bei Fragen bin ich jederzeit f\u00fcr Dich da.<\/p>\n\n\n\n<p>F\u00fcr mich sind es meine GOLDST\u00dcCKE und GOLDSCH\u00c4TZE, da ihre nat\u00fcrlich helle Farbe aus dem Gelb des Bienenwachses und der \u00d6lausz\u00fcge, wie GOLD F\u00dcR DEINE HAUT sein wird.<\/p>\n\n\n\n<p class=\"has-text-align-center\"><strong><em>Meine 3. Heilspray \u0301s = Elixiere wirken:<\/em><\/strong><\/p>\n\n\n\n<p><strong>1. Entspannungs-Spray: <\/strong>bei Kopfschmerzen, Migr\u00e4ne, Spannungszust\u00e4nden,<\/p>\n\n\n\n<p>Konzentrationsproblemen (besonders bei Kindern), Schlafst\u00f6rungen, zur Beruhigung<\/p>\n\n\n\n<p>bei innerer Unruhe und neg. unangenehmen Gef\u00fchlen und Emotionen<\/p>\n\n\n\n<p><strong>2. Lymph-Venen-Spray:<\/strong> bewirkt die \u00d6ffnung der Gef\u00e4\u00dfe, so dass alles wieder frei<\/p>\n\n\n\n<p>flie\u00dfen und abtransportiert werden kann. Besonders nach Operationen bei Lymphstau,<\/p>\n\n\n\n<p>Schwellungen, Prellungen, Bluterg\u00fcssen, schweren und abgeschlafften Gliedma\u00dfen.<\/p>\n\n\n\n<p>Auch bei Brust-(Dr\u00fcsen) Problemen w\u00e4hrend der Stillzeit, oder nach Amputationen.<\/p>\n\n\n\n<p><strong>3. HaarW\u00e4sse<\/strong>r<strong>chen<\/strong>:<\/p>\n\n\n\n<p>h\u00e4lt die Haarstruktur gesund und verleiht einen sch\u00f6nen Glanz. Hilft auch erste graue Haare zu verdecken. Und erleichtert das stylen.<\/p>\n\n\n\n<p>Alle Elixiere beg\u00fcnstigen und erm\u00f6glichen das freie Flie\u00dfen der K\u00f6rperfl\u00fcssigkeiten,<\/p>\n\n\n\n<p>von Kopf bis Fu\u00df. Sie wirken auf allen Ebenen f\u00fcr K\u00f6rper, Seele und Geist und sind<\/p>\n\n\n\n<p>kinderleicht und einfach anwendbar.<\/p>\n\n\n\n<p>Lass dich von ihrer Wirkkraft begeistern und faszinieren.<\/p>\n\n\n\n<p><strong>Haftungsausschluss<em><br><\/em><\/strong>Die von mir verwendeten Wildkr\u00e4uter sind als Heilpflanzen bekannt. Bei vorliegenden Allergien und Unvertr\u00e4glichkeiten gegen\u00fcber Wald- oder Wiesenkr\u00e4utern kontaktieren Sie bitte vor Anwendung einen Arzt.<\/p>\n\n\n\n<p>Empfehlungen basieren rein auf Erfahrungswerten und sollen keinesfalls dazu auffordern, eine \u00e4rztliche Behandlung oder Medikation abzubrechen oder zu ersetzen.<\/p>\n\n\n\n<p>Anwendung: Die Salben und Tinkturen sind zur \u00e4u\u00dferlichen Anwendung auf die Haut hergestellt. Sollte es zu unerwarteten, unerw\u00fcnschten Reaktionen wie z.B. Allergien kommen, oder Anwendungsfehler vorliegen \u00fcbernehme ich in diesen F\u00e4llen keine Haftung.<\/p>\n","protected":false},"excerpt":{"rendered":"<p>Wildkr\u00e4uter &#8211;&nbsp;Salben &#8211; Tinkturen &#8211; \u00d6le Es gibt unz\u00e4hlige Pr\u00e4parate&nbsp;auf dem Markt&nbsp;. Doch wesentlich effektiver k\u00f6nnen wir unser Wohlbefinden mit Wildkr\u00e4utern,&nbsp;die direkt vor unserer Haust\u00fcr wachsen, unterst\u00fctzen.&nbsp;&nbsp; Wildpflanzen enthalten eine F\u00fclle an Vitaminen, Mineralstoffen, Spurenelementen und anderen wichtigen Inhaltsstoffen, die&nbsp;unseren Organismus optimal versorgen. Diese stelle ich aus meinen Pflanzen-\u00d6lausz\u00fcgen und Tinkturen, zusammen mit nat\u00fcrlichem Bienenwachs [&hellip;]<\/p>\n","protected":false},"author":2,"featured_media":0,"parent":0,"menu_order":0,"comment_status":"closed","ping_status":"closed","template":"","meta":[],"_links":{"self":[{"href":"https:\/\/naturel-amrell.de\/index.php?rest_route=\/wp\/v2\/pages\/348"}],"collection":[{"href":"https:\/\/naturel-amrell.de\/index.php?rest_route=\/wp\/v2\/pages"}],"about":[{"href":"https:\/\/naturel-amrell.de\/index.php?rest_route=\/wp\/v2\/types\/page"}],"author":[{"embeddable":true,"href":"https:\/\/naturel-amrell.de\/index.php?rest_route=\/wp\/v2\/users\/2"}],"replies":[{"embeddable":true,"href":"https:\/\/naturel-amrell.de\/index.php?rest_route=%2Fwp%2Fv2%2Fcomments&post=348"}],"version-history":[{"count":30,"href":"https:\/\/naturel-amrell.de\/index.php?rest_route=\/wp\/v2\/pages\/348\/revisions"}],"predecessor-version":[{"id":788,"href":"https:\/\/naturel-amrell.de\/index.php?rest_route=\/wp\/v2\/pages\/348\/revisions\/788"}],"wp:attachment":[{"href":"https:\/\/naturel-amrell.de\/index.php?rest_route=%2Fwp%2Fv2%2Fmedia&parent=348"}],"curies":[{"name":"wp","href":"https:\/\/api.w.org\/{rel}","templated":true}]}}