{"id":469,"date":"2020-05-01T17:58:06","date_gmt":"2020-05-01T15:58:06","guid":{"rendered":"https:\/\/naturelamrell.wordpress.com\/?page_id=469"},"modified":"2020-06-24T15:24:05","modified_gmt":"2020-06-24T15:24:05","slug":"impressum","status":"publish","type":"page","link":"https:\/\/naturel-amrell.de\/?page_id=469","title":{"rendered":"Impressum"},"content":{"rendered":"\n<h3><strong><em>Angaben gem\u00e4\u00df \u00a7 5 TMG:<\/em><\/strong><\/h3>\n\n\n\n<p>Eileen Amrell<\/p>\n\n\n\n<p>M\u00e4rzengasse 23<\/p>\n\n\n\n<p>98663 Heldburg \/ Gompertshausen<\/p>\n\n\n\n<p>Mobil: +49 (0)15772484650<\/p>\n\n\n\n<p>E-Mail: kontakt@eileen-amrell.de<\/p>\n\n\n\n<p>Steuernummer: 170\/201\/03132<\/p>\n\n\n\n<h3><strong><em>Angaben zur Berufshaftpflichtversicherung:<\/em><\/strong><\/h3>\n\n\n\n<h3><strong><em>Verantwortlich f\u00fcr den Inhalt nach \u00a7 55 Abs. 2 RStV:<\/em><\/strong><\/h3>\n\n\n\n<p>Eileen Amrell<\/p>\n\n\n\n<p>Haftung<\/p>\n\n\n\n<p><em>Mit dem Kauf der Salben oder Tinkturen aus meiner Herstellung erkl\u00e4ren sie ihr Einverst\u00e4ndnis mit folgendem Haftungsausschluss<\/em>:<\/p>\n\n\n\n<p>Die von mir verwendeten Wildkr\u00e4uter sind als Heilpflanzen bekannt. Bei vorliegenden Allergien und Unvertr\u00e4glichkeiten gegen\u00fcber Wald- oder Wiesenkr\u00e4utern kontaktieren Sie bitte vor Anwendung einen Arzt.  Empfehlungen basieren rein auf Erfahrungswerten und sollen keinesfalls dazu auffordern, eine \u00e4rztliche Behandlung oder Medikation abzubrechen oder zu ersetzen. <\/p>\n\n\n\n<p>Anwendung: Die Salben und Tinkturen sind zur \u00e4u\u00dferlichen Anwendung auf die Haut hergestellt. Sollte es zu unerwarteten, unerw\u00fcnschten Reaktionen wie z.B. Allergien kommen, oder Anwendungsfehler vorliegen \u00fcbernehme ich in diesen F\u00e4llen keine Haftung. <\/p>\n\n\n\n<p><br>Haftung f\u00fcr Inhalte<br>Die Inhalte dieser Seiten wurden mit gr\u00f6\u00dfter Sorgfalt erstellt. F\u00fcr die Richtigkeit, Vollst\u00e4ndigkeit und Aktualit\u00e4t der Inhalte kann jedoch keine Gew\u00e4hr \u00fcbernommen werden. Als Diensteanbieter bin ich gem\u00e4\u00df \u00a7 7 Abs.1 TMG f\u00fcr eigene Inhalte auf diesen Seiten nach den allgemeinen Gesetzen verantwortlich. Nach \u00a7\u00a7 8 bis 10 TMG bin ich als Diensteanbieter jedoch nicht verpflichtet, \u00fcbermittelte oder gespeicherte fremde Informationen zu \u00fcberwachen oder nach Umst\u00e4nden zu forschen, die auf eine rechtswidrige T\u00e4tigkeit hinweisen. Verpflichtungen zur Entfernung oder Sperrung der Nutzung von Informationen nach den allgemeinen Gesetzen bleiben hiervon unber\u00fchrt. Eine diesbez\u00fcgliche Haftung ist jedoch erst ab dem Zeitpunkt der Kenntnis einer konkreten Rechtsverletzung m\u00f6glich. Bei Bekanntwerden von entsprechenden Rechtsverletzungen werde ich diese Inhalte umgehend entfernen.<\/p>\n\n\n\n<p><br>Haftung f\u00fcr Links<br>Im Angebot k\u00f6nnen Links zu externen Webseiten Dritter, auf deren Inhalte ich keinen Einfluss habe enthalten sein. Deshalb kann f\u00fcr diese fremden Inhalte auch keine Gew\u00e4hr \u00fcbernommen werden. F\u00fcr die Inhalte der verlinkten Seiten ist stets der jeweilige Anbieter oder Betreiber der Seiten verantwortlich. Die verlinkten Seiten wurden zum Zeitpunkt der Verlinkung auf m\u00f6gliche Rechtsverst\u00f6\u00dfe \u00fcberpr\u00fcft. Rechtswidrige Inhalte waren zum Zeitpunkt der Verlinkung nicht erkennbar. Eine permanente inhaltliche Kontrolle der verlinkten Seiten ist jedoch ohne konkrete Anhaltspunkte einer Rechtsverletzung nicht zumutbar. Bei Bekanntwerden von Rechtsverletzungen werde ich derartige Links umgehend entfernen.<\/p>\n\n\n\n<p><br>Urheberrecht<br>Die durch den Seitenbetreiber erstellten Inhalte und Werke auf diesen Seiten unterliegen dem deutschen Urheberrecht. Die Vervielf\u00e4ltigung, Bearbeitung, Verbreitung und jede Art der Verwertung au\u00dferhalb der Grenzen des Urheberrechtes bed\u00fcrfen der schriftlichen Zustimmung des jeweiligen Autors bzw. Erstellers. Downloads und Kopien dieser Seite sind nur f\u00fcr den privaten, nicht kommerziellen Gebrauch gestattet. Soweit die Inhalte auf dieser Seite nicht vom Betreiber erstellt wurden, werden die Urheberrechte Dritter beachtet. Insbesondere werden Inhalte Dritter als solche gekennzeichnet. Sollten Sie trotzdem auf eine Urheberrechtsverletzung aufmerksam werden, bitte ich um einen entsprechenden Hinweis. Bei Bekanntwerden von Rechtsverletzungen werde ich derartige Inhalte umgehend entfernen.<br><\/p>\n","protected":false},"excerpt":{"rendered":"<p>Angaben gem\u00e4\u00df \u00a7 5 TMG: Eileen Amrell M\u00e4rzengasse 23 98663 Heldburg \/ Gompertshausen Mobil: +49 (0)15772484650 E-Mail: kontakt@eileen-amrell.de Steuernummer: 170\/201\/03132 Angaben zur Berufshaftpflichtversicherung: Verantwortlich f\u00fcr den Inhalt nach \u00a7 55 Abs. 2 RStV: Eileen Amrell Haftung Mit dem Kauf der Salben oder Tinkturen aus meiner Herstellung erkl\u00e4ren sie ihr Einverst\u00e4ndnis mit folgendem Haftungsausschluss: Die von [&hellip;]<\/p>\n","protected":false},"author":2,"featured_media":0,"parent":0,"menu_order":0,"comment_status":"closed","ping_status":"closed","template":"","meta":[],"_links":{"self":[{"href":"https:\/\/naturel-amrell.de\/index.php?rest_route=\/wp\/v2\/pages\/469"}],"collection":[{"href":"https:\/\/naturel-amrell.de\/index.php?rest_route=\/wp\/v2\/pages"}],"about":[{"href":"https:\/\/naturel-amrell.de\/index.php?rest_route=\/wp\/v2\/types\/page"}],"author":[{"embeddable":true,"href":"https:\/\/naturel-amrell.de\/index.php?rest_route=\/wp\/v2\/users\/2"}],"replies":[{"embeddable":true,"href":"https:\/\/naturel-amrell.de\/index.php?rest_route=%2Fwp%2Fv2%2Fcomments&post=469"}],"version-history":[{"count":5,"href":"https:\/\/naturel-amrell.de\/index.php?rest_route=\/wp\/v2\/pages\/469\/revisions"}],"predecessor-version":[{"id":671,"href":"https:\/\/naturel-amrell.de\/index.php?rest_route=\/wp\/v2\/pages\/469\/revisions\/671"}],"wp:attachment":[{"href":"https:\/\/naturel-amrell.de\/index.php?rest_route=%2Fwp%2Fv2%2Fmedia&parent=469"}],"curies":[{"name":"wp","href":"https:\/\/api.w.org\/{rel}","templated":true}]}}