{"id":563,"date":"2020-05-10T18:10:43","date_gmt":"2020-05-10T18:10:43","guid":{"rendered":"http:\/\/naturel-amrell.de\/?page_id=563"},"modified":"2023-05-20T20:10:58","modified_gmt":"2023-05-20T20:10:58","slug":"kunden-rezensionen","status":"publish","type":"page","link":"https:\/\/naturel-amrell.de\/?page_id=563","title":{"rendered":"Kundenrezensionen"},"content":{"rendered":"\n<p>&#8222;Ich habe bis jetzt mehrere Produkte von Eileen getestet. Ich muss sagen, allein der nat\u00fcrliche Geruch, ist Hammer!&nbsp;Die Textur der Salbe, ist perfekt, es zieht schnell ein, fettet nicht zu sehr und f\u00fchlt sich prima an. Es ist ein nat\u00fcrliches Produkt, das merkt man und es ist gut so! Auch ihre Tinktur zum inhalieren fand ich super wohltuend, als Asthmatikerin fand ich es gut weil ich mit nur wenigen Tropfen, einen tollen Effekt hatte. Der Geruch ist sehr intensiv, weil Sie nur die Besten Kr\u00e4uter verwendet. Jeder der es gew\u00f6hnt ist, sehr hochwertige und premium Qualit\u00e4t Produkte zu nutzen, wird bei Eileen immer mit der Herzlichen und Exklusiven Behandlung und Produkt zufrieden sein. Absolut wertvoll, sollte jeder ausprobieren!&#8220;                                          <\/p>\n\n\n\n<p>Danke Jana H.  <\/p>\n\n\n\n<p> &#8222;Danke liebe Eileen, f\u00fcr das tolle Lymphvenen-Spray.                 Meine starke Prellung am Schienbein die ich mir bei Bauarbeiten zugezogen hatte, war schon am Tag darauf viel besser und ist nicht so angeschwollen wie bef\u00fcrchtet. Auch die Heilsalbe f\u00fcr eine offene Blase an der Hand hat mir viel Schmerzen erspart und die Heilung schnell auf den Weg gebracht. Es ist einfach toll, wenn man wei\u00df das es solche nat\u00fcrlichen Heilmittel gibt auf die man sich immer verlassen kann. Das beste aber ist die Beratung durch Eileen, die genau wei\u00df was man braucht und wie man es optimal anwendet&#8220;        &nbsp;                                                      <\/p>\n\n\n\n<p>Georg.S.        &nbsp; <\/p>\n\n\n\n<p><\/p>\n\n\n\n<p>05.04.2020<\/p>\n\n\n\n<p> 2 Mal aufgetragen an diesem Tag<\/p>\n\n\n\n<p>Die Wundpunkte (offene Stellen blutig unterlaufen, krustig) sind deutlich reduziert 50%, die Hautr\u00f6tung und die trockenen Stellen sind reduziert An diesem Tag wurde ich von unserem Zwerghasen gebissen. Ein Triangel im rechten Unterarm, nicht sehr tief, jedoch eine Haut\u00f6ffnung von ca. 3 mm. Die Wunde blutet. Normalerweise w\u00fcrde ich jetzt ein Klammerpflaster nehmen. Stattdessen habe ich jedoch das \u201eHeilbalsam\u201c genommen, das Blut abgetupft, die Salbe aufgetragen. Die Blutung selbst hat sich dadurch eingestellt und nach 3 Stunden konnte ich eine erste Schlie\u00dfung der Wunde beobachten. Kein Wundschmerz, was normalerweise \u00fcblich ist bei einem Biss. Die Wundpunkte sind nochmals zur\u00fcckgegangen, die trockene Haut ist geschmeidiger, Hautschuppen und trockene Haut zum abzupfen sind nicht mehr vorhanden. Die Wunde ist durch den Biss angeschwollen. <\/p>\n\n\n\n<p>Der Biss:  Die Wundheilung und Schlie\u00dfung: <\/p>\n\n\n\n<p>kein Wundschmerz, Verkrustung, Entz\u00fcndung <\/p>\n\n\n\n<p>Vielen, vielen Dank liebe Eileen  <\/p>\n\n\n\n<p>Sabine S. <\/p>\n\n\n\n<p><\/p>\n\n\n\n<p>16.06.2020<\/p>\n\n\n\n<div class=\"is-layout-flow wp-block-group\"><div class=\"wp-block-group__inner-container\">\n<p>Liebe Frau Amrell, na das nenne ich mal Gedanken\u00fcbertragung. Ich wollte Ihnen schon vor einer halben Stunde eine E-Mail schreiben, bin dann aber vom Telefon abgehalten worden. \ud83d\ude42 Die Warz-Ab-Tinktur ist der WAHNSINN!!! Meine Tochter hat schon etliche Warzen verloren. Wir sind begeistert und pinseln weiter flei\u00dfig, was das Zeug h\u00e4lt. Vielen Dank f\u00fcr die tolle Tinktur! Wirklich: Hut ab! Die Tinktur neigt sich langsam dem Ende und wir br\u00e4uchten da f\u00fcr den letzten Rest (und f\u00fcr mich) noch einmal Nachschub. <\/p>\n\n\n\n<p>Herzliche Gr\u00fc\u00dfe  C.Kaiser <\/p>\n<\/div><\/div>\n\n\n\n<p>Vielen Dank!<\/p>\n\n\n\n<blockquote class=\"wp-block-quote\">\n<p>Die Salbe ist auch klasse. Beruhigt die Haut ganz toll &#8211; meine Tochter (5 Jahre alt) hat das schon als Ritual f\u00fcr sich entwickelt. \ud83d\ude42<\/p>\n<p>Es gr\u00fc\u00dft herzlich<br \/>Christoph Kaiser<\/p>\n<\/blockquote>\n","protected":false},"excerpt":{"rendered":"<p>&#8222;Ich habe bis jetzt mehrere Produkte von Eileen getestet. Ich muss sagen, allein der nat\u00fcrliche Geruch, ist Hammer!&nbsp;Die Textur der Salbe, ist perfekt, es zieht schnell ein, fettet nicht zu sehr und f\u00fchlt sich prima an. Es ist ein nat\u00fcrliches Produkt, das merkt man und es ist gut so! Auch ihre Tinktur zum inhalieren fand [&hellip;]<\/p>\n","protected":false},"author":2,"featured_media":0,"parent":0,"menu_order":0,"comment_status":"closed","ping_status":"closed","template":"","meta":[],"_links":{"self":[{"href":"https:\/\/naturel-amrell.de\/index.php?rest_route=\/wp\/v2\/pages\/563"}],"collection":[{"href":"https:\/\/naturel-amrell.de\/index.php?rest_route=\/wp\/v2\/pages"}],"about":[{"href":"https:\/\/naturel-amrell.de\/index.php?rest_route=\/wp\/v2\/types\/page"}],"author":[{"embeddable":true,"href":"https:\/\/naturel-amrell.de\/index.php?rest_route=\/wp\/v2\/users\/2"}],"replies":[{"embeddable":true,"href":"https:\/\/naturel-amrell.de\/index.php?rest_route=%2Fwp%2Fv2%2Fcomments&post=563"}],"version-history":[{"count":11,"href":"https:\/\/naturel-amrell.de\/index.php?rest_route=\/wp\/v2\/pages\/563\/revisions"}],"predecessor-version":[{"id":694,"href":"https:\/\/naturel-amrell.de\/index.php?rest_route=\/wp\/v2\/pages\/563\/revisions\/694"}],"wp:attachment":[{"href":"https:\/\/naturel-amrell.de\/index.php?rest_route=%2Fwp%2Fv2%2Fmedia&parent=563"}],"curies":[{"name":"wp","href":"https:\/\/api.w.org\/{rel}","templated":true}]}}