{"id":622,"date":"2020-06-17T19:52:35","date_gmt":"2020-06-17T19:52:35","guid":{"rendered":"http:\/\/naturel-amrell.de\/?page_id=622"},"modified":"2020-07-13T21:16:53","modified_gmt":"2020-07-13T21:16:53","slug":"agb","status":"publish","type":"page","link":"https:\/\/naturel-amrell.de\/?page_id=622","title":{"rendered":"AGB"},"content":{"rendered":"\n<div class=\"is-layout-flow wp-block-group\"><div class=\"wp-block-group__inner-container\">\n<p><strong>Vertragsabschluss<\/strong><\/p>\n\n\n\n<p>Der Vertrag kommt zustande, indem Sie eine schriftliche (mail, PN-facebook) oder m\u00fcndliche (Telefon) Anfrage zu einem Angebot auf meiner Webseite t\u00e4tigen.<\/p>\n\n\n\n<p> <strong>Angebote<\/strong><\/p>\n\n\n\n<p>Alle Angebote sind freibleibend hinsichtlich Preis und Coaching Dauer <\/p>\n\n\n\n<p><strong>Zahlungsweise  <\/strong><\/p>\n\n\n\n<p>W\u00e4hlen Sie die Ihnen genehme Zahlungsweise  &#8211; auf Rechnung  &#8211; Paypal oder in bar bei Abholung.  <\/p>\n\n\n\n<p><strong>Datenspeicherung<\/strong><\/p>\n\n\n\n<p>Die f\u00fcr eine Bestellung notwendigen Daten werden im Rahmen unserer Vertragsbeziehung gespeichert und lediglich solange wie notwendig genutzt. Ihre pers\u00f6nlichen Daten unterliegen meinem Vertrauensschutz. Eine Weitergabe an Fremdfirmen wird meinerseits ausgeschlossen.<\/p>\n\n\n\n<p><strong>Salvatorische Klausel <\/strong><\/p>\n\n\n\n<p>Sollte eine Bestimmung dieser AGB unwirksam sein, so bleibt die G\u00fcltigkeit der anderen Bestimmungen hiervon unber\u00fchrt. Anstelle der unwirksamen Bestimmung tritt die ihr am n\u00e4chsten kommende g\u00fcltige Bestimmung in Kraft.<\/p>\n\n\n\n<p>Heldburg, 17.06.2020 <\/p>\n<\/div><\/div>\n\n\n\n<p><\/p>\n","protected":false},"excerpt":{"rendered":"<p>Vertragsabschluss Der Vertrag kommt zustande, indem Sie eine schriftliche (mail, PN-facebook) oder m\u00fcndliche (Telefon) Anfrage zu einem Angebot auf meiner Webseite t\u00e4tigen. Angebote Alle Angebote sind freibleibend hinsichtlich Preis und Coaching Dauer Zahlungsweise W\u00e4hlen Sie die Ihnen genehme Zahlungsweise &#8211; auf Rechnung &#8211; Paypal oder in bar bei Abholung. Datenspeicherung Die f\u00fcr eine Bestellung notwendigen [&hellip;]<\/p>\n","protected":false},"author":1,"featured_media":0,"parent":0,"menu_order":0,"comment_status":"closed","ping_status":"closed","template":"","meta":[],"_links":{"self":[{"href":"https:\/\/naturel-amrell.de\/index.php?rest_route=\/wp\/v2\/pages\/622"}],"collection":[{"href":"https:\/\/naturel-amrell.de\/index.php?rest_route=\/wp\/v2\/pages"}],"about":[{"href":"https:\/\/naturel-amrell.de\/index.php?rest_route=\/wp\/v2\/types\/page"}],"author":[{"embeddable":true,"href":"https:\/\/naturel-amrell.de\/index.php?rest_route=\/wp\/v2\/users\/1"}],"replies":[{"embeddable":true,"href":"https:\/\/naturel-amrell.de\/index.php?rest_route=%2Fwp%2Fv2%2Fcomments&post=622"}],"version-history":[{"count":7,"href":"https:\/\/naturel-amrell.de\/index.php?rest_route=\/wp\/v2\/pages\/622\/revisions"}],"predecessor-version":[{"id":684,"href":"https:\/\/naturel-amrell.de\/index.php?rest_route=\/wp\/v2\/pages\/622\/revisions\/684"}],"wp:attachment":[{"href":"https:\/\/naturel-amrell.de\/index.php?rest_route=%2Fwp%2Fv2%2Fmedia&parent=622"}],"curies":[{"name":"wp","href":"https:\/\/api.w.org\/{rel}","templated":true}]}}