{"id":727,"date":"2023-06-08T18:07:26","date_gmt":"2023-06-08T18:07:26","guid":{"rendered":"http:\/\/naturel-amrell.de\/?page_id=727"},"modified":"2025-07-19T16:45:22","modified_gmt":"2025-07-19T16:45:22","slug":"was-hast-du-als-kunde-davon","status":"publish","type":"page","link":"https:\/\/naturel-amrell.de\/?page_id=727","title":{"rendered":"Was hast du als Kunde davon?"},"content":{"rendered":"\n<p>Die wirkliche Ursache ihrer Schmerzen und Probleme schnell herauszufinden und zu lindern,<\/p>\n\n\n\n<p>Tiefenentspannung auf allen Ebenen,<\/p>\n\n\n\n<p>Schmerzreduktion bis Schmerzfrei,<\/p>\n\n\n\n<p>Selbstheilungskr\u00e4fte werden aktiviert und unterst\u00fctzt,<\/p>\n\n\n\n<p>Ein bewussteres K\u00f6rpergef\u00fchl und Verbundenheit zur Natur und deinem Herzen = das Zentrum deiner Gef\u00fchle.<\/p>\n\n\n\n<p>Leichtigkeit, Lebensfreude, mehr Beweglichkeit.<\/p>\n\n\n\n<p>Das Gef\u00fchl des freien Flie\u00dfens, Erkennen und Aufl\u00f6sen deiner Probleme (Ursachen) und Symptome.<\/p>\n\n\n\n<p>Ich zeige und gebe dir einfache und leichte \u00dcbungen mit an die Hand<\/p>\n\n\n\n<p><\/p>\n\n\n\n<p>\u200b<\/p>\n\n\n\n<p><canvas width=\"992.5\" height=\"1403.75\"><\/canvas><\/p>\n\n\n\n<p>Selbstheilungskr\u00e4fte werden aktiviert und unterst\u00fctzt<\/p>\n\n\n\n<p>Ein bewussteres K\u00f6rpergef\u00fchl und Verbundenheit zu dir und deinem Herzen (Zentrum deiner<\/p>\n\n\n\n<p>Gef\u00fchle)<\/p>\n\n\n\n<p>Leichtigkeit, Lebensfreude, mehr Beweglichkeit<\/p>\n\n\n\n<p>Das Gef\u00fchl des freien Flie\u00dfens<\/p>\n\n\n\n<p>Erkennen und Aufl\u00f6sen deiner Probleme (Ursachen) und Symptome<\/p>\n\n\n\n<p>Ich zeige und gebe dir einfache und leichte \u00dcbungen mit an die Hand<\/p>\n\n\n\n<p>Das Ziel meiner Arbeit ist?<\/p>\n\n\n\n<p>Bewusstsein schaffen und Aufl\u00f6sen von Blockaden.<\/p>\n\n\n\n<p>Alles wieder ins freie und leichte Flie\u00dfen bringen = Balance und Harmonie<\/p>\n","protected":false},"excerpt":{"rendered":"<p>Die wirkliche Ursache ihrer Schmerzen und Probleme schnell herauszufinden und zu lindern, Tiefenentspannung auf allen Ebenen, Schmerzreduktion bis Schmerzfrei, Selbstheilungskr\u00e4fte werden aktiviert und unterst\u00fctzt, Ein bewussteres K\u00f6rpergef\u00fchl und Verbundenheit zur Natur und deinem Herzen = das Zentrum deiner Gef\u00fchle. Leichtigkeit, Lebensfreude, mehr Beweglichkeit. Das Gef\u00fchl des freien Flie\u00dfens, Erkennen und Aufl\u00f6sen deiner Probleme (Ursachen) und [&hellip;]<\/p>\n","protected":false},"author":1,"featured_media":0,"parent":0,"menu_order":0,"comment_status":"closed","ping_status":"closed","template":"","meta":[],"_links":{"self":[{"href":"https:\/\/naturel-amrell.de\/index.php?rest_route=\/wp\/v2\/pages\/727"}],"collection":[{"href":"https:\/\/naturel-amrell.de\/index.php?rest_route=\/wp\/v2\/pages"}],"about":[{"href":"https:\/\/naturel-amrell.de\/index.php?rest_route=\/wp\/v2\/types\/page"}],"author":[{"embeddable":true,"href":"https:\/\/naturel-amrell.de\/index.php?rest_route=\/wp\/v2\/users\/1"}],"replies":[{"embeddable":true,"href":"https:\/\/naturel-amrell.de\/index.php?rest_route=%2Fwp%2Fv2%2Fcomments&post=727"}],"version-history":[{"count":5,"href":"https:\/\/naturel-amrell.de\/index.php?rest_route=\/wp\/v2\/pages\/727\/revisions"}],"predecessor-version":[{"id":792,"href":"https:\/\/naturel-amrell.de\/index.php?rest_route=\/wp\/v2\/pages\/727\/revisions\/792"}],"wp:attachment":[{"href":"https:\/\/naturel-amrell.de\/index.php?rest_route=%2Fwp%2Fv2%2Fmedia&parent=727"}],"curies":[{"name":"wp","href":"https:\/\/api.w.org\/{rel}","templated":true}]}}