{"id":733,"date":"2023-06-08T18:10:54","date_gmt":"2023-06-08T18:10:54","guid":{"rendered":"http:\/\/naturel-amrell.de\/?page_id=733"},"modified":"2025-07-19T16:50:17","modified_gmt":"2025-07-19T16:50:17","slug":"ziel-meiner-arbeit-ist","status":"publish","type":"page","link":"https:\/\/naturel-amrell.de\/?page_id=733","title":{"rendered":"Ziel meiner Arbeit ist"},"content":{"rendered":"\n<p>Bewusstsein schaffen und Aufl\u00f6sen von Blockaden.<\/p>\n\n\n\n<p>Alles wieder ins freie und leichte Flie\u00dfen bringen = Balance und Harmonie herstellen.<\/p>\n\n\n\n<p>Das Du Selbst es wahrhaftig und bewusst sp\u00fcrst, f\u00fchlst und erkennst, woher dein Problem kommt und was dein K\u00f6rper und Seele dir dadurch sagen wollen. <\/p>\n\n\n\n<p>Denn wir sind f\u00fchlende Wesen, die auf Gedanken und Gef\u00fchle reagieren und sie steuern. (Sei es bewusst oder unbewusst).<\/p>\n\n\n\n<p>In meiner Behandlung geht es in 1. Linie um:<\/p>\n\n\n\n<p><strong>1. Bewusstes Hin-ein-sp\u00fcren<\/strong><\/p>\n\n\n\n<p><strong>2. Bewusstes erleben, sp\u00fcren, wahrnehmen und erkennen<\/strong><\/p>\n\n\n\n<p><strong>3. Neue Erfahrungen im K\u00f6rper sammeln, durch und mit der Hilfe und  <\/strong>                                                         <strong>Unterst\u00fctzung aus der Natur<\/strong>.<\/p>\n\n\n\n<p><strong>4. Seelenverbundenheit<\/strong><\/p>\n\n\n\n<p><strong>5. Selbstliebe, Selbstbewusstsein, Glauben und Vertrauen in DICH SELBST<\/strong><\/p>\n\n\n\n<p>&#8222;Unser Herz ist der Ort und Sitz unserer Gef\u00fchle und der h\u00f6chsten Lebens-Energie.&#8220;<\/p>\n\n\n\n<p>Dort flie\u00dft alles hinein und wieder hinaus, deswegen ist die intuitive Herzintelligenz bewusst wahrzunehmen, zu ersp\u00fcren und zu erlernen mein gr\u00f6\u00dfter Wunsch.<\/p>\n\n\n\n<p>\u200b<\/p>\n\n\n\n<p><canvas width=\"992.5\" height=\"1403.75\"><\/canvas><\/p>\n\n\n\n<p>Meine<\/p>\n\n\n\n<p>Licht- und Energie- Transformations-Salben<\/p>\n\n\n\n<p>sind rein nat\u00fcrliche selbst hergestellte<\/p>\n\n\n\n<p>Salben aus heimischen, von mir gesammelten Wild- und Heilkr\u00e4utern. Diese stelle ich aus<\/p>\n\n\n\n<p>meinen Pflanzen-\u00d6lausz\u00fcgen und Tinkturen, zusammen mit nat\u00fcrlichem Bienenwachs oder<\/p>\n\n\n\n<p>Sheabutter und \u00e4therischen \u00d6len her.<\/p>\n\n\n\n<p>Ich ersp\u00fcre \u00fcber meine Sinne und in dem ich Fragen in das h\u00f6here Feld (Quantenfeld) stelle,<\/p>\n\n\n\n<p>welche Pflanzen und Stoffe gut f\u00fcr bestimmte Krankheiten und Probleme sind (z. B.<\/p>\n\n\n\n<p>Neurodermitis). Hier nutze ich mein Pflanzenwissen und deren Heilwirkung welches ich in<\/p>\n\n\n\n<p>einer Heilpflanzenausbildung gelernt und durch Fachliteratur (Hildegard v. Bingen, Maria<\/p>\n\n\n\n<p>Treben uvm.) vertieft habe.<\/p>\n\n\n\n<p>Die Transformationswirkung meiner Salben liegt nicht nur in den nat\u00fcrlichen Inhaltsstoffen,<\/p>\n\n\n\n<p>sondern auch an den speziellen Transformations-Namen, welche sich aus den verwendeten<\/p>\n\n\n\n<p>Natur-Heilkr\u00e4utern herleiten. Als Beispiel, Kratz Mich Nicht- Salbe, Freifluss-Salbe, Liebes-<\/p>\n\n\n\n<p>Salbe, Gl\u00fcckssalbe, Feenstaub, Heil-Sein-Salbe, Dankbarkeits-Salbe uvm.) und der von mir<\/p>\n\n\n\n<p>kreierten Auftrage-Technik = \u201cURKREIS-TECHNIK\u201c.<\/p>\n\n\n\n<p>Wie und wo diese angewendet wird, ist individuell bedingt und kl\u00e4rt sich im pers\u00f6nlichen<\/p>\n\n\n\n<p>Gespr\u00e4ch. Wichtig dabei ist immer: \u201eVertraue deiner Intuition \u201c.<\/p>\n\n\n\n<p>Die Wirkung bezieht den ganzen K\u00f6rper mit ein. Nicht nur auf der Haut, sondern die<\/p>\n\n\n\n<p>Wirkstoffe dringen durch die Poren in die Tiefe deines K\u00f6rpers und ber\u00fchren deine Seele, so<\/p>\n\n\n\n<p>dass in und um dir wahre Magie = Wunder und Heilkr\u00e4fte wirken. Da sie rein nat\u00fcrlich sind,<\/p>\n\n\n\n<p>wende ich sie ebenso bei Tieren, Kindern und sogar Babys an.<\/p>\n\n\n\n<p>Bei der pers\u00f6nlichen Anwendung m\u00f6chte ich, dass du deinem Gef\u00fchl vertraust. Wie und wo<\/p>\n\n\n\n<p>und wie oft du sie auftr\u00e4gst. Vertraue Dir, denn dabei kannst du nichts falsch machen und bei<\/p>\n\n\n\n<p>Fragen bin ich jederzeit f\u00fcr Dich da.<\/p>\n\n\n\n<p>F\u00fcr mich sind es meine GOLDST\u00dcCKE und GOLDSCH\u00c4TZE, da ihre nat\u00fcrlich helle Farbe<\/p>\n\n\n\n<p>aus dem Gelb des Bienenwachses und der \u00d6lausz\u00fcge, wie GOLD F\u00dcR DEINE HAUT sein wird.<\/p>\n","protected":false},"excerpt":{"rendered":"<p>Bewusstsein schaffen und Aufl\u00f6sen von Blockaden. Alles wieder ins freie und leichte Flie\u00dfen bringen = Balance und Harmonie herstellen. Das Du Selbst es wahrhaftig und bewusst sp\u00fcrst, f\u00fchlst und erkennst, woher dein Problem kommt und was dein K\u00f6rper und Seele dir dadurch sagen wollen. Denn wir sind f\u00fchlende Wesen, die auf Gedanken und Gef\u00fchle reagieren [&hellip;]<\/p>\n","protected":false},"author":1,"featured_media":0,"parent":0,"menu_order":0,"comment_status":"closed","ping_status":"closed","template":"","meta":[],"_links":{"self":[{"href":"https:\/\/naturel-amrell.de\/index.php?rest_route=\/wp\/v2\/pages\/733"}],"collection":[{"href":"https:\/\/naturel-amrell.de\/index.php?rest_route=\/wp\/v2\/pages"}],"about":[{"href":"https:\/\/naturel-amrell.de\/index.php?rest_route=\/wp\/v2\/types\/page"}],"author":[{"embeddable":true,"href":"https:\/\/naturel-amrell.de\/index.php?rest_route=\/wp\/v2\/users\/1"}],"replies":[{"embeddable":true,"href":"https:\/\/naturel-amrell.de\/index.php?rest_route=%2Fwp%2Fv2%2Fcomments&post=733"}],"version-history":[{"count":6,"href":"https:\/\/naturel-amrell.de\/index.php?rest_route=\/wp\/v2\/pages\/733\/revisions"}],"predecessor-version":[{"id":794,"href":"https:\/\/naturel-amrell.de\/index.php?rest_route=\/wp\/v2\/pages\/733\/revisions\/794"}],"wp:attachment":[{"href":"https:\/\/naturel-amrell.de\/index.php?rest_route=%2Fwp%2Fv2%2Fmedia&parent=733"}],"curies":[{"name":"wp","href":"https:\/\/api.w.org\/{rel}","templated":true}]}}